{"id":13,"date":"2023-10-17T11:47:46","date_gmt":"2023-10-17T16:47:46","guid":{"rendered":"https:\/\/industrial.utp.edu.co\/maestria-en-gestion-y-direccion-de-proyectos\/?page_id=13"},"modified":"2024-01-30T11:57:10","modified_gmt":"2024-01-30T16:57:10","slug":"inversion-y-financiacion","status":"publish","type":"page","link":"https:\/\/industrial.utp.edu.co\/maestria-en-gestion-y-direccion-de-proyectos\/inversion-y-financiacion\/","title":{"rendered":"Inversi\u00f3n y Financiaci\u00f3n"},"content":{"rendered":"\n<figure class=\"wp-block-image size-full is-resized\"><img loading=\"lazy\" decoding=\"async\" src=\"https:\/\/media2.utp.edu.co\/programas\/101\/COSTO-ESPECIALIZACION-1-1.png\" alt=\"\" class=\"wp-image-10296\" style=\"width:668px;height:560px\" width=\"668\" height=\"560\" \/><\/figure>\n\n\n\n<hr class=\"wp-block-separator has-alpha-channel-opacity\" \/>\n\n\n\n<div class=\"wp-block-group has-vivid-cyan-blue-background-color has-background\"><div class=\"wp-block-group__inner-container is-layout-constrained wp-block-group-is-layout-constrained\">\n<p class=\"has-text-align-center has-white-color has-text-color has-background\" style=\"background-color:#2c6397;font-size:30px;font-style:normal;font-weight:900\">Descuentos de matr\u00edcula <\/p>\n<\/div><\/div>\n\n\n\n<ul class=\"wp-block-list\">\n<li><strong>Descuento de egresados:&nbsp;<\/strong><br>El acuerdo 16 del 12 de Julio de 2013 en el art\u00edculo 1 indica que \u201c\u2026 los egresados de la Universidad tendr\u00e1n derecho a un descuento del diez por ciento del valor de la matr\u00edcula financiera en todos los programas de postgrados a los que ingresen seg\u00fan las reglas de selecci\u00f3n previstos en los reglamentos\u201d<\/li>\n<\/ul>\n\n\n\n<ul class=\"wp-block-list\">\n<li><strong>Descuento de votaci\u00f3n:<\/strong><br>La ley 815 del 7 de Julio de 2003 que establece nuevos est\u00edmulos a los sufragantes en el art\u00edculo 1 dice que \u201c\u2026el descuento del diez por ciento (10%) en el valor de la matr\u00edcula a que tiene derecho el estudiante de Instituci\u00f3n Oficial de Educaci\u00f3n Superior, como beneficio por el ejercicio del sufragio, se har\u00e1 efectivo no s\u00f3lo en el per\u00edodo acad\u00e9mico inmediatamente siguiente al ejercicio del sufragio sino en todos los per\u00edodos acad\u00e9micos que tengan lugar hasta las votaciones siguientes en que pueda participar\u201d.<\/li>\n<\/ul>\n\n\n\n<p><span class=\"post-content__span\"> Para mayor informaci\u00f3n comun\u00edcate  <\/p>\n\n\n\n<p><span class=\"post-content__span\"> <mark class=\"has-inline-color has-vivid-cyan-blue-color\">606317138<\/mark><\/p>\n\n\n\n<p><span class=\"post-content__span\"> <mark class=\"has-inline-color has-vivid-cyan-blue-color\">gproyectos@utp.edu.co<\/mark><\/p>\n\n\n\n<hr class=\"wp-block-separator has-alpha-channel-opacity\" \/>\n\n\n\n<h2 class=\"wp-block-heading has-text-align-center has-white-color has-text-color has-background\" style=\"background-color:#2c6397;font-size:30px\">Metodos de financiaci\u00f3n<\/h2>\n\n\n\n<div class=\"wp-block-group is-content-justification-center is-nowrap is-layout-flex wp-container-core-group-is-layout-94bc23d7 wp-block-group-is-layout-flex\">\n<figure class=\"wp-block-image size-full\"><img decoding=\"async\" src=\"https:\/\/media2.utp.edu.co\/programas\/103\/credito-educativo.jpg\" alt=\"\" class=\"wp-image-10299\" \/><figcaption class=\"wp-element-caption\"><br>Contacto: 3196368208 \u00a0<br>E-mail:\u00a0<a rel=\"noreferrer noopener\" href=\"mailto:fasutcreditoeducativo@gmail.com\" target=\"_blank\">fasutcreditoeducativo@gmail.com<\/a>\u00a0<br><\/figcaption><\/figure>\n\n\n\n<figure class=\"wp-block-image size-full\"><img decoding=\"async\" src=\"https:\/\/media2.utp.edu.co\/programas\/103\/ICETEX.png\" alt=\"\" class=\"wp-image-10300\" \/><figcaption class=\"wp-element-caption\"><br>Contacto: 3207261247<br>e-mail:&nbsp;<a rel=\"noreferrer noopener\" href=\"mailto:icetex@utp.edu.co\" target=\"_blank\">icetex@utp.edu.co<\/a><\/figcaption><\/figure>\n<\/div>\n\n\n\n<p><span class=\"post-content__span\"> <\/p>\n","protected":false},"excerpt":{"rendered":"<p>Descuentos de matr\u00edcula Para mayor informaci\u00f3n comun\u00edcate 606317138 gproyectos@utp.edu.co Metodos de financiaci\u00f3n<\/p>\n","protected":false},"author":1,"featured_media":0,"parent":0,"menu_order":0,"comment_status":"closed","ping_status":"closed","template":"","meta":{"footnotes":""},"class_list":["post-13","page","type-page","status-publish","hentry"],"_links":{"self":[{"href":"https:\/\/industrial.utp.edu.co\/maestria-en-gestion-y-direccion-de-proyectos\/wp-json\/wp\/v2\/pages\/13","targetHints":{"allow":["GET"]}}],"collection":[{"href":"https:\/\/industrial.utp.edu.co\/maestria-en-gestion-y-direccion-de-proyectos\/wp-json\/wp\/v2\/pages"}],"about":[{"href":"https:\/\/industrial.utp.edu.co\/maestria-en-gestion-y-direccion-de-proyectos\/wp-json\/wp\/v2\/types\/page"}],"author":[{"embeddable":true,"href":"https:\/\/industrial.utp.edu.co\/maestria-en-gestion-y-direccion-de-proyectos\/wp-json\/wp\/v2\/users\/1"}],"replies":[{"embeddable":true,"href":"https:\/\/industrial.utp.edu.co\/maestria-en-gestion-y-direccion-de-proyectos\/wp-json\/wp\/v2\/comments?post=13"}],"version-history":[{"count":9,"href":"https:\/\/industrial.utp.edu.co\/maestria-en-gestion-y-direccion-de-proyectos\/wp-json\/wp\/v2\/pages\/13\/revisions"}],"predecessor-version":[{"id":157,"href":"https:\/\/industrial.utp.edu.co\/maestria-en-gestion-y-direccion-de-proyectos\/wp-json\/wp\/v2\/pages\/13\/revisions\/157"}],"wp:attachment":[{"href":"https:\/\/industrial.utp.edu.co\/maestria-en-gestion-y-direccion-de-proyectos\/wp-json\/wp\/v2\/media?parent=13"}],"curies":[{"name":"wp","href":"https:\/\/api.w.org\/{rel}","templated":true}]}}