{"id":10030,"date":"2022-08-10T09:43:55","date_gmt":"2022-08-10T14:43:55","guid":{"rendered":"https:\/\/basicas.utp.edu.co\/matematicas\/?page_id=10030"},"modified":"2023-11-04T12:06:56","modified_gmt":"2023-11-04T17:06:56","slug":"inversion-y-financiacion","status":"publish","type":"page","link":"https:\/\/industrial.utp.edu.co\/maestria-en-administracion-de-empresas\/inversion-y-financiacion\/","title":{"rendered":"Inversi\u00f3n y Financiaci\u00f3n"},"content":{"rendered":"\n<p><span class=\"post-content__span\"> <\/p>\n\n\n<div class=\"wp-block-image\">\n<figure class=\"aligncenter size-large is-resized\"><img loading=\"lazy\" decoding=\"async\" src=\"https:\/\/media2.utp.edu.co\/programas\/104\/Copia-de-Post-para-Instagram-Frases-Floreado-Rosa-1024x508.png\" alt=\"\" class=\"wp-image-10388\" style=\"width:512px;height:256px\" width=\"512\" height=\"256\" \/><\/figure>\n<\/div>\n\n\n<p><span class=\"post-content__span\"> <\/p>\n\n\n\n<p class=\"has-text-align-center has-luminous-vivid-amber-background-color has-background\" style=\"font-size:30px\"><strong>Descuentos de matr\u00edcula<\/strong><\/p>\n\n\n\n<figure class=\"wp-block-image size-large is-resized\"><img loading=\"lazy\" decoding=\"async\" src=\"https:\/\/media2.utp.edu.co\/programas\/104\/unnamed-1024x576.png\" alt=\"\" class=\"wp-image-10304\" style=\"width:1024px;height:472px\" width=\"1024\" height=\"472\" \/><\/figure>\n\n\n\n<p><span class=\"post-content__span\"> <\/p>\n\n\n\n<p><span class=\"post-content__span\"> <strong>Descuento de egresados:&nbsp;<\/strong><br>El acuerdo 16 del 12 de Julio de 2013 en el art\u00edculo 1 indica que \u201c\u2026 los egresados de la Universidad tendr\u00e1n derecho a un descuento del diez por ciento del valor de la matr\u00edcula financiera en todos los programas de postgrados a los que ingresen seg\u00fan las reglas de selecci\u00f3n previstos en los reglamentos\u201d.<\/p>\n\n\n\n<p><span class=\"post-content__span\"> <br><strong>Descuento de votaci\u00f3n:<\/strong><br>La ley 815 del 7 de Julio de 2003 que establece nuevos est\u00edmulos a los sufragantes en el art\u00edculo 1 dice que \u201c\u2026el descuento del diez por ciento (10%) en el valor de la matr\u00edcula a que tiene derecho el estudiante de Instituci\u00f3n Oficial de Educaci\u00f3n Superior, como beneficio por el ejercicio del sufragio, se har\u00e1 efectivo no s\u00f3lo en el per\u00edodo acad\u00e9mico inmediatamente siguiente al ejercicio del sufragio sino en todos los per\u00edodos acad\u00e9micos que tengan lugar hasta las votaciones siguientes en que pueda participar\u201d.<\/p>\n\n\n\n<p><span class=\"post-content__span\"> <\/p>\n\n\n\n<p class=\"has-text-align-center has-luminous-vivid-amber-background-color has-background\" style=\"font-size:30px\"><strong>Opciones de financiaci\u00f3n<\/strong><\/p>\n\n\n\n<figure class=\"wp-block-image size-large\"><img loading=\"lazy\" decoding=\"async\" width=\"1024\" height=\"470\" src=\"https:\/\/media2.utp.edu.co\/programas\/104\/unnamed-1-1-1024x470.png\" alt=\"\" class=\"wp-image-10306\" srcset=\"https:\/\/media2.utp.edu.co\/programas\/104\/unnamed-1-1-1024x470.png 1024w, https:\/\/media2.utp.edu.co\/programas\/104\/unnamed-1-1-300x138.png 300w, https:\/\/media2.utp.edu.co\/programas\/104\/unnamed-1-1-768x353.png 768w, https:\/\/media2.utp.edu.co\/programas\/104\/unnamed-1-1.png 1200w\" sizes=\"auto, (max-width: 1024px) 100vw, 1024px\" \/><\/figure>\n\n\n\n<p><span class=\"post-content__span\"> <strong>Fondo de Empleados para la Asistencia Social de la Universidad Tecnol\u00f3gica de Pereira \u2013 FASUT<\/strong><\/p>\n\n\n\n<p><span class=\"post-content__span\"> Contacto: 3196368208 &nbsp;<\/p>\n\n\n\n<p><span class=\"post-content__span\"> E-mail:&nbsp;<a rel=\"noreferrer noopener\" href=\"mailto:fasutcreditoeducativo@gmail.com\" target=\"_blank\">fasutcreditoeducativo@gmail.com<\/a>&nbsp;<\/p>\n\n\n\n<p><span class=\"post-content__span\"> <\/p>\n\n\n\n<p><span class=\"post-content__span\"> <strong>ICETEX<\/strong><\/p>\n\n\n\n<p><span class=\"post-content__span\"> Contacto: 3207261247<\/p>\n\n\n\n<p><span class=\"post-content__span\"> e-mail:&nbsp;<a rel=\"noreferrer noopener\" href=\"mailto:icetex@utp.edu.co\" target=\"_blank\">icetex@utp.edu.co<\/a>       <\/p>\n\n\n\n<p><span class=\"post-content__span\"> <\/p>\n\n\n\n<div class=\"wp-block-columns is-layout-flex wp-container-core-columns-is-layout-9d6595d7 wp-block-columns-is-layout-flex\">\n<div class=\"wp-block-column is-layout-flow wp-block-column-is-layout-flow\">\n<figure class=\"wp-block-gallery has-nested-images columns-default is-cropped wp-block-gallery-1 is-layout-flex wp-block-gallery-is-layout-flex\">\n<figure class=\"wp-block-image size-large\"><img loading=\"lazy\" decoding=\"async\" width=\"410\" height=\"1024\" data-id=\"10307\" src=\"https:\/\/media2.utp.edu.co\/programas\/104\/INFO-FASUT-410x1024.jpg\" alt=\"\" class=\"wp-image-10307\" srcset=\"https:\/\/media2.utp.edu.co\/programas\/104\/INFO-FASUT-410x1024.jpg 410w, https:\/\/media2.utp.edu.co\/programas\/104\/INFO-FASUT-120x300.jpg 120w, https:\/\/media2.utp.edu.co\/programas\/104\/INFO-FASUT.jpg 512w\" sizes=\"auto, (max-width: 410px) 100vw, 410px\" \/><\/figure>\n<\/figure>\n<\/div>\n\n\n\n<div class=\"wp-block-column is-layout-flow wp-block-column-is-layout-flow\">\n<figure class=\"wp-block-image size-large\"><img loading=\"lazy\" decoding=\"async\" width=\"410\" height=\"1024\" src=\"https:\/\/media2.utp.edu.co\/programas\/104\/INFO-ICETEX-7-410x1024.png\" alt=\"\" class=\"wp-image-10308\" srcset=\"https:\/\/media2.utp.edu.co\/programas\/104\/INFO-ICETEX-7-410x1024.png 410w, https:\/\/media2.utp.edu.co\/programas\/104\/INFO-ICETEX-7-120x300.png 120w, https:\/\/media2.utp.edu.co\/programas\/104\/INFO-ICETEX-7-768x1920.png 768w, https:\/\/media2.utp.edu.co\/programas\/104\/INFO-ICETEX-7.png 800w\" sizes=\"auto, (max-width: 410px) 100vw, 410px\" \/><\/figure>\n<\/div>\n<\/div>\n","protected":false},"excerpt":{"rendered":"<p>Descuentos de matr\u00edcula Descuento de egresados:&nbsp;El acuerdo 16 del 12 de Julio de 2013 en el art\u00edculo 1 indica que \u201c\u2026 los egresados de la Universidad tendr\u00e1n derecho a un [&#8230;]<\/p>\n","protected":false},"author":1,"featured_media":0,"parent":0,"menu_order":0,"comment_status":"closed","ping_status":"closed","template":"","meta":{"footnotes":""},"class_list":["post-10030","page","type-page","status-publish","hentry"],"_links":{"self":[{"href":"https:\/\/industrial.utp.edu.co\/maestria-en-administracion-de-empresas\/wp-json\/wp\/v2\/pages\/10030","targetHints":{"allow":["GET"]}}],"collection":[{"href":"https:\/\/industrial.utp.edu.co\/maestria-en-administracion-de-empresas\/wp-json\/wp\/v2\/pages"}],"about":[{"href":"https:\/\/industrial.utp.edu.co\/maestria-en-administracion-de-empresas\/wp-json\/wp\/v2\/types\/page"}],"author":[{"embeddable":true,"href":"https:\/\/industrial.utp.edu.co\/maestria-en-administracion-de-empresas\/wp-json\/wp\/v2\/users\/1"}],"replies":[{"embeddable":true,"href":"https:\/\/industrial.utp.edu.co\/maestria-en-administracion-de-empresas\/wp-json\/wp\/v2\/comments?post=10030"}],"version-history":[{"count":14,"href":"https:\/\/industrial.utp.edu.co\/maestria-en-administracion-de-empresas\/wp-json\/wp\/v2\/pages\/10030\/revisions"}],"predecessor-version":[{"id":10437,"href":"https:\/\/industrial.utp.edu.co\/maestria-en-administracion-de-empresas\/wp-json\/wp\/v2\/pages\/10030\/revisions\/10437"}],"wp:attachment":[{"href":"https:\/\/industrial.utp.edu.co\/maestria-en-administracion-de-empresas\/wp-json\/wp\/v2\/media?parent=10030"}],"curies":[{"name":"wp","href":"https:\/\/api.w.org\/{rel}","templated":true}]}}