{"id":10108,"date":"2022-08-10T09:43:55","date_gmt":"2022-08-10T14:43:55","guid":{"rendered":"https:\/\/basicas.utp.edu.co\/matematicas\/?page_id=10030"},"modified":"2024-04-17T09:54:42","modified_gmt":"2024-04-17T14:54:42","slug":"inversion-y-financiacion","status":"publish","type":"page","link":"https:\/\/industrial.utp.edu.co\/maestria-administracion-desarrollo-humano\/inversion-y-financiacion\/","title":{"rendered":"Inversi\u00f3n y Financiaci\u00f3n"},"content":{"rendered":"\n<div class=\"wp-block-columns are-vertically-aligned-center is-layout-flex wp-container-core-columns-is-layout-9d6595d7 wp-block-columns-is-layout-flex\">\n<div class=\"wp-block-column is-vertically-aligned-center is-layout-flow wp-block-column-is-layout-flow\">\n<figure class=\"wp-block-image size-large\"><img decoding=\"async\" src=\"https:\/\/media2.utp.edu.co\/programas\/12\/valor-de-la-matricula.png\" alt=\"\" \/><\/figure>\n<\/div>\n\n\n\n<div class=\"wp-block-column is-vertically-aligned-center is-layout-flow wp-block-column-is-layout-flow\">\n<h3 class=\"wp-block-heading\"><strong>Inscripci\u00f3n y matr\u00edcula<\/strong><\/h3>\n\n\n\n<p><span class=\"post-content__span\"> Valor de la inscripci\u00f3n: 0.25 SMMLV<\/p>\n\n\n\n<p><span class=\"post-content__span\"> Valor de la matr\u00edcula por semestre: Siete punto cero (7.0) SMMLV<\/p>\n\n\n\n<p><span class=\"post-content__span\"> <strong>Inscripciones:<\/strong> Adquirir el PIN de posgrados de la Universidad Tecnol\u00f3gica de Pereira en el Banco Popular o en la caja del FAVI de la Universidad y hacer inscripci\u00f3n a trav\u00e9s de la p\u00e1gina Web de la Universidad Tecnol\u00f3gica de Pereira.<\/p>\n\n\n\n<p><span class=\"post-content__span\"> <strong>Matr\u00edculas: <\/strong>Para realizar la matr\u00edcula, descargar el recibo de pago a trav\u00e9s de la p\u00e1gina Web de la Universidad Tecnol\u00f3gica de Pereira y efectuar el pago siguiendo las instrucciones del recibo. se puede pagar en Linea (parte superior de la p\u00e1gina, cuando abres el recibo)<\/p>\n<\/div>\n<\/div>\n","protected":false},"excerpt":{"rendered":"<p>Inscripci\u00f3n y matr\u00edcula Valor de la inscripci\u00f3n: 0.25 SMMLV Valor de la matr\u00edcula por semestre: Siete punto cero (7.0) SMMLV Inscripciones: Adquirir el PIN de posgrados de la Universidad Tecnol\u00f3gica [&#8230;]<\/p>\n","protected":false},"author":1,"featured_media":0,"parent":0,"menu_order":0,"comment_status":"closed","ping_status":"closed","template":"","meta":{"footnotes":""},"class_list":["post-10108","page","type-page","status-publish","hentry"],"_links":{"self":[{"href":"https:\/\/industrial.utp.edu.co\/maestria-administracion-desarrollo-humano\/wp-json\/wp\/v2\/pages\/10108","targetHints":{"allow":["GET"]}}],"collection":[{"href":"https:\/\/industrial.utp.edu.co\/maestria-administracion-desarrollo-humano\/wp-json\/wp\/v2\/pages"}],"about":[{"href":"https:\/\/industrial.utp.edu.co\/maestria-administracion-desarrollo-humano\/wp-json\/wp\/v2\/types\/page"}],"author":[{"embeddable":true,"href":"https:\/\/industrial.utp.edu.co\/maestria-administracion-desarrollo-humano\/wp-json\/wp\/v2\/users\/1"}],"replies":[{"embeddable":true,"href":"https:\/\/industrial.utp.edu.co\/maestria-administracion-desarrollo-humano\/wp-json\/wp\/v2\/comments?post=10108"}],"version-history":[{"count":2,"href":"https:\/\/industrial.utp.edu.co\/maestria-administracion-desarrollo-humano\/wp-json\/wp\/v2\/pages\/10108\/revisions"}],"predecessor-version":[{"id":10279,"href":"https:\/\/industrial.utp.edu.co\/maestria-administracion-desarrollo-humano\/wp-json\/wp\/v2\/pages\/10108\/revisions\/10279"}],"wp:attachment":[{"href":"https:\/\/industrial.utp.edu.co\/maestria-administracion-desarrollo-humano\/wp-json\/wp\/v2\/media?parent=10108"}],"curies":[{"name":"wp","href":"https:\/\/api.w.org\/{rel}","templated":true}]}}